{"id":5827,"date":"2024-11-29T19:55:23","date_gmt":"2024-11-29T14:25:23","guid":{"rendered":"https:\/\/swisstinychalet.ch\/neuch\/ecologie-et-zero-dechet\/quest-ce-que-lecologie-et-pourquoi-est-elle-importante"},"modified":"2024-11-29T19:55:23","modified_gmt":"2024-11-29T14:25:23","slug":"quest-ce-que-lecologie-et-pourquoi-est-elle-importante","status":"publish","type":"page","link":"https:\/\/swisstinychalet.ch\/neuch\/ecologie-et-zero-dechet\/quest-ce-que-lecologie-et-pourquoi-est-elle-importante","title":{"rendered":"Qu&#8217;est-ce que l&#8217;\u00e9cologie et pourquoi est-elle importante ?"},"content":{"rendered":"\n\n<p><strong>L&#8217;\u00e9cologie<\/strong> est une discipline scientifique qui analyse les <strong>interactions<\/strong> entre les diff\u00e9rents <strong>organismes vivants<\/strong> ainsi que leurs relations avec leurs <strong>environnements<\/strong>. Elle examine comment les esp\u00e8ces interagissent dans un \u00e9cosyst\u00e8me et comment ces interactions influencent la <strong>biodiversit\u00e9<\/strong> et la <strong>durabilit\u00e9<\/strong> des \u00e9cosyst\u00e8mes.<\/p>\n\n\n<h2 class=\"wp-block-heading\">Pourquoi l&#8217;\u00e9cologie est-elle importante ?<\/h2>\n\n\n<p>La compr\u00e9hension des <strong>enjeux \u00e9cologiques<\/strong> est essentielle, car elle permet de prot\u00e9ger notre <strong>environnement<\/strong> et de r\u00e9soudre les probl\u00e8mes li\u00e9s \u00e0 la <strong>crise \u00e9cologique<\/strong>. En pr\u00e9servant les \u00e9cosyst\u00e8mes, non seulement nous sauvegardons d&#8217;autres esp\u00e8ces, mais nous nous assurons \u00e9galement un futur viable pour l&#8217;humanit\u00e9. L&#8217;\u00e9cologie est donc un imp\u00e9ratif pour lutter contre le <strong>d\u00e9r\u00e8glement climatique<\/strong> et favoriser un <strong>d\u00e9veloppement durable<\/strong>.<\/p>\n\n\n<figure class=\"wp-block-embed is-type-video is-provider-youtube wp-block-embed-youtube wp-embed-aspect-16-9 wp-has-aspect-ratio\">\n<div class=\"wp-block-embed__wrapper\">\n<iframe title=\"L\u2019\u00e9cologie expliqu\u00e9e aux enfants  - 1 jour, 1 question\" width=\"1200\" height=\"675\" src=\"https:\/\/www.youtube-nocookie.com\/embed\/YWXWlA-9Kwk?feature=oembed\" frameborder=\"0\" allow=\"accelerometer; autoplay; clipboard-write; encrypted-media; gyroscope; picture-in-picture; web-share\" referrerpolicy=\"strict-origin-when-cross-origin\" allowfullscreen><\/iframe>\n<\/div>\n<\/figure>\n\n\n\n<h2 class=\"wp-block-heading\">Qu&#8217;est-ce que l&#8217;\u00e9cologie ?<\/h2>\n\n\n<p>L&#8217;\u00e9cologie est une discipline scientifique qui se penche sur les <strong>interactions<\/strong> entre les organismes vivants et leur <strong>environnement<\/strong>. Elle cherche \u00e0 comprendre comment chaque esp\u00e8ce influence et d\u00e9pend des autres, ainsi que des conditions naturelles qui l&#8217;entourent. Au-del\u00e0 de l&#8217;\u00e9tude des relations entre les <strong>esp\u00e8ces<\/strong>, l&#8217;\u00e9cologie examine aussi les syst\u00e8mes <strong>\u00e9cologiques<\/strong> dans leur ensemble, apportant ainsi des \u00e9claircissements sur la dynamique des \u00e9cosyst\u00e8mes.<\/p>\n\n\n<h2 class=\"wp-block-heading\">Les enjeux de l&#8217;\u00e9cologie<\/h2>\n\n\n<p>De nombreux <strong>enjeux<\/strong> environnementaux \u00e9mergent des \u00e9tudes \u00e9cologiques. Parmi eux, la <strong>biodiversit\u00e9<\/strong> joue un r\u00f4le central ; la perte de biodiversit\u00e9 peut conduire \u00e0 des <strong>d\u00e9r\u00e8glements<\/strong> dans les \u00e9cosyst\u00e8mes et affecter la sant\u00e9 humaine. En parall\u00e8le, le changement climatique requiert une attention particuli\u00e8re, les activit\u00e9s humaines ayant des cons\u00e9quences directes sur le climat et la sant\u00e9 des <strong>habitats<\/strong>.<\/p>\n\n\n<h2 class=\"wp-block-heading\">Origines de l&#8217;\u00e9cologie<\/h2>\n\n\n<p>L&#8217;\u00e9cologie a vu le jour au 19\u00e8me si\u00e8cle, mais ses fondements remontent bien plus loin, m\u00ealant <strong>philosophie<\/strong>, <strong>sciences naturelles<\/strong> et <strong>observation<\/strong> des milieux environnants. Des pionniers tels qu&#8217;Ernst Haeckel ont popularis\u00e9 le terme d&#8217;\u00e9cologie, et depuis, la discipline n&#8217;a cess\u00e9 d&#8217;\u00e9voluer, s&#8217;int\u00e9ressant aux <strong>\u00e9cosyst\u00e8mes<\/strong> marins, terrestres et m\u00eame urbains.<\/p>\n\n\n<h2 class=\"wp-block-heading\">Pourquoi l&#8217;\u00e9cologie est-elle si importante ?<\/h2>\n\n\n<p>La compr\u00e9hension des principes de l&#8217;\u00e9cologie est essentielle pour garantir une coexistence harmonieuse entre l&#8217;homme et la nature. En pr\u00e9servant l&#8217;environnement, nous agissons directement sur notre qualit\u00e9 de vie, notre sant\u00e9 et notre bien-\u00eatre. L&#8217;\u00e9cologie nous enseigne que chaque <strong>action<\/strong> a des <strong>r\u00e9percussions<\/strong>, et que les choix de consommation doivent \u00eatre r\u00e9fl\u00e9chis. Avoir conscience des impacts \u00e9colos de nos comportements est une premi\u00e8re \u00e9tape vers un futur plus <strong>durable<\/strong>.<\/p>\n\n\n<h2 class=\"wp-block-heading\">L&#8217;\u00e9cologie et le z\u00e9ro d\u00e9chet<\/h2>\n\n\n<p>Un aspect de plus en plus m\u00e9diatis\u00e9 de l&#8217;\u00e9cologie est le mouvement du <strong>z\u00e9ro d\u00e9chet<\/strong>, qui pr\u00f4ne la r\u00e9duction des d\u00e9chets et favorise un mode de vie respectueux de la plan\u00e8te. Pour mieux comprendre cette approche et son importance dans notre quotidien, il est possible de se pencher sur des ressources compl\u00e9mentaires telles que <a href=\"https:\/\/swisstinychalet.ch\/neuch\/ecologie-et-zero-dechet\">ce lien<\/a>, qui d\u00e9taille les initiatives et les pratiques z\u00e9ro d\u00e9chet.<\/p>\n\n\n\n<h2 class=\"wp-block-heading\">Les fondamentaux de l&#8217;\u00e9cologie<\/h2>\n\n\n<figure class=\"wp-block-table\">\n<table>\n<tbody>\n<tr>\n<td>\ud83c\udf0d<\/td>\n<td><strong>D\u00e9finition :<\/strong> Science \u00e9tudiant les relations entre les \u00eatres vivants et leur environnement.<\/td>\n<\/tr>\n<tr>\n<td>\u2696\ufe0f<\/td>\n<td><strong>Enjeux :<\/strong> Prot\u00e9ger notre plan\u00e8te pour limiter les d\u00e9g\u00e2ts de la crise \u00e9cologique.<\/td>\n<\/tr>\n<tr>\n<td>\ud83d\udd2c<\/td>\n<td><strong>Origines :<\/strong> Une discipline qui \u00e9merge avec l&#8217;int\u00e9r\u00eat croissant pour l&#8217;environnement et la biodiversit\u00e9.<\/td>\n<\/tr>\n<tr>\n<td>\ud83c\udf31<\/td>\n<td><strong>Importance :<\/strong> Essentielle pour \u00e9tudier les interactions et pr\u00e9server les \u00e9cosyst\u00e8mes.<\/td>\n<\/tr>\n<tr>\n<td>\ud83d\udc3e<\/td>\n<td><strong>Objectif :<\/strong> Sauver l&#8217;humanit\u00e9 en pr\u00e9servant la biodiversit\u00e9 et l&#8217;\u00e9cosyst\u00e8me.<\/td>\n<\/tr>\n<tr>\n<td>\ud83c\udf21\ufe0f<\/td>\n<td><strong>Urgence :<\/strong> R\u00e9duire les \u00e9missions de gaz \u00e0 effet de serre et lutter contre le changement climatique.<\/td>\n<\/tr>\n<tr>\n<td>\ud83d\udca1<\/td>\n<td><strong>Solutions :<\/strong> La nature offre des r\u00e9ponses indispensables pour un avenir durable.<\/td>\n<\/tr>\n<\/tbody>\n<\/table>\n<\/figure>\n","protected":false},"excerpt":{"rendered":"","protected":false},"author":7,"featured_media":0,"parent":5826,"menu_order":0,"comment_status":"closed","ping_status":"closed","template":"","meta":{"_seopress_robots_primary_cat":"","_seopress_titles_title":"","_seopress_titles_desc":"","_seopress_robots_index":"","footnotes":""},"class_list":["post-5827","page","type-page","status-publish"],"_links":{"self":[{"href":"https:\/\/swisstinychalet.ch\/neuch\/wp-json\/wp\/v2\/pages\/5827","targetHints":{"allow":["GET"]}}],"collection":[{"href":"https:\/\/swisstinychalet.ch\/neuch\/wp-json\/wp\/v2\/pages"}],"about":[{"href":"https:\/\/swisstinychalet.ch\/neuch\/wp-json\/wp\/v2\/types\/page"}],"author":[{"embeddable":true,"href":"https:\/\/swisstinychalet.ch\/neuch\/wp-json\/wp\/v2\/users\/7"}],"replies":[{"embeddable":true,"href":"https:\/\/swisstinychalet.ch\/neuch\/wp-json\/wp\/v2\/comments?post=5827"}],"version-history":[{"count":0,"href":"https:\/\/swisstinychalet.ch\/neuch\/wp-json\/wp\/v2\/pages\/5827\/revisions"}],"up":[{"embeddable":true,"href":"https:\/\/swisstinychalet.ch\/neuch\/wp-json\/wp\/v2\/pages\/5826"}],"wp:attachment":[{"href":"https:\/\/swisstinychalet.ch\/neuch\/wp-json\/wp\/v2\/media?parent=5827"}],"curies":[{"name":"wp","href":"https:\/\/api.w.org\/{rel}","templated":true}]}}